{"id":2183,"date":"2024-04-02T10:02:17","date_gmt":"2024-04-02T09:02:17","guid":{"rendered":"https:\/\/comercialbrell.com\/aviso-legal\/"},"modified":"2024-10-30T14:23:48","modified_gmt":"2024-10-30T13:23:48","slug":"aviso-legal","status":"publish","type":"page","link":"https:\/\/comercialbrell.com\/es\/aviso-legal\/","title":{"rendered":"Aviso legal"},"content":{"rendered":"\t\t<div data-elementor-type=\"wp-page\" data-elementor-id=\"2183\" class=\"elementor elementor-2183 elementor-1566\" data-elementor-post-type=\"page\">\n\t\t\t\t<div class=\"elementor-element elementor-element-341e926 e-flex e-con-boxed e-con e-parent\" data-id=\"341e926\" data-element_type=\"container\" data-e-type=\"container\">\n\t\t\t\t\t<div class=\"e-con-inner\">\n\t\t\t\t<div class=\"elementor-element elementor-element-f910201 elementor-widget elementor-widget-heading\" data-id=\"f910201\" data-element_type=\"widget\" data-e-type=\"widget\" data-widget_type=\"heading.default\">\n\t\t\t\t<div class=\"elementor-widget-container\">\n\t\t\t\t\t<h1 class=\"elementor-heading-title elementor-size-default\">aviso legal<\/h1>\t\t\t\t<\/div>\n\t\t\t\t<\/div>\n\t\t\t\t<div class=\"elementor-element elementor-element-5e0183d elementor-widget elementor-widget-text-editor\" data-id=\"5e0183d\" data-element_type=\"widget\" data-e-type=\"widget\" data-widget_type=\"text-editor.default\">\n\t\t\t\t<div class=\"elementor-widget-container\">\n\t\t\t\t\t\t\t\t\t<p>En cumplimiento de la Ley 34\/2002, del 11 de julio, los servicios de la Sociedad de la Informaci\u00f3n y de Comercio Electr\u00f3nico (LSSI-CE), la empresa le informa que es el propietario del sitio web. De acuerdo con el requisito del art\u00edculo 10 de la ley mencionada anteriormente, informa de los siguientes datos: <\/p>\n<p>El titular de este sitio web es:<\/p>\n<table>\n<tbody>\n<tr>\n<td width=\"151\">\n<p>Nombre de la empresa<\/p>\n<\/td>\n<td width=\"415\">\n<p>Comercial Brell, S.L.<\/p>\n<\/td>\n<\/tr>\n<tr>\n<td width=\"151\">\n<p>NIF<\/p>\n<\/td>\n<td width=\"415\">\n<p>B43071646<\/p>\n<\/td>\n<\/tr>\n<tr>\n<td width=\"151\">\n<p>Direcci\u00f3n postal<\/p>\n<\/td>\n<td width=\"415\">\n<p>C\/ de la Sedera,28 \u2013 43205 Reus (Tarragona)<\/p>\n<\/td>\n<\/tr>\n<tr>\n<td width=\"151\">\n<p>Nombre de inscripci\u00f3n<\/p>\n<\/td>\n<td width=\"415\">\n<p>Registro mercantil de Tarragona tomo 824 folio 164 hoja T3843<\/p>\n<\/td>\n<\/tr>\n<\/tbody>\n<\/table>\n<p><strong><u>USUARIOS<\/u><\/strong><\/p>\n<p>El acceso y\/o uso de este portal le atribuye la condici\u00f3n de USUARIO, que acepta, desde este acceso y\/o uso, las Condiciones Generales de Uso aqu\u00ed reflejadas. Las condiciones antes mencionadas ser\u00e1n aplicables independientemente de las Condiciones Generales de Contrataci\u00f3n que, si corresponde, sean de obligatorio cumplimiento. <\/p>\n<p><strong><u>USO DEL PORTAL<\/u><\/strong><\/p>\n<p>El sitio web proporciona acceso a una multitud de informaci\u00f3n, servicios, programas o datos (en adelante, \u00ablos contenidos\u00bb) en Internet que pertenecen a Comercial Brell, S.L., o a sus licenciantes a quienes el USUARIO puede acceder. El USUARIO asume la responsabilidad del uso del portal. Esta responsabilidad se extiende al registro que era necesario para acceder a ciertos servicios o contenidos.  <\/p>\n<p>En este registro, el usuario ser\u00e1 responsable de proporcionar informaci\u00f3n veraz y legal. Como resultado de este registro, se le puede proporcionar al USUARIO una contrase\u00f1a de la que ser\u00e1 responsable, comprometi\u00e9ndose para hacer un uso diligente y confidencial de la misma. El USUARIO acepta hacer un uso adecuado de los contenidos y servicios que Comercial Brell, S.L. ofrece a trav\u00e9s de su portal y con un car\u00e1cter enunciativo pero no limitativo, a no usarlos para:  <\/p>\n<ol>\n<li>incurrir en actividades il\u00edcitas, ilegales o contrarias a la buena fe y al orden p\u00fablico<\/li>\n<li>difundir contenidos o propaganda de car\u00e1cter racista, xen\u00f3foba, pornogr\u00e1fica-ilegal, de apologia del terrorismo o que ataque contra los derechos humanos<\/li>\n<li>causar da\u00f1os a los sistemas f\u00edsicos y l\u00f3gicos de Comercial Brell, S.L., de sus proveedores o de terceras personas, introducir o difundir virus inform\u00e1ticos o cualquier otro sistema f\u00edsico o l\u00f3gico que pueda causar el da\u00f1o antes mencionados;<\/li>\n<li>intentar acceder y, si corresponde, utilizar las cuentas de correo electr\u00f3nico de otros usuarios y modificar y manipular sus mensajes. Comercial Brell, S.L. se reserva el derecho de retirar todos esos comentarios y contribuciones que vulneren el respeto por la dignidad de la persona, que sean discriminatorias, xen\u00f3fobas, racistas, pornogr\u00e1ficas, que violen la juventud o la infancia, el orden o la seguridad p\u00fablica o que, en su opini\u00f3n, no sean adecuadas para su publicaci\u00f3n. En cualquier caso, Commercial Brell, S.L. no ser\u00e1 responsable de las opiniones abocadas por los usuarios a trav\u00e9s de foros, chats u otras herramientas de participaci\u00f3n.\n<\/li>\n<\/ol>\n<p><strong><u>PROPIEDAD INTELECTUAL E INDUSTRIAL<\/u><\/strong><\/p>\n<p>Comercial Brell, S.L. ser\u00e1 el propietario de todos los derechos de propiedad intelectual e industrial de su sitio web, as\u00ed como los elementos contenidos en el mismo (a modo de ejemplo, im\u00e1genes, sonido, audio, video, software o textos; marcas o logotipos, combinaciones de colores, estructura y dise\u00f1o, selecci\u00f3n de materiales usados, programas de ordenador necesarios para su funcionamiento, acceso y uso, etc.).<\/p>\n<p>Reservados todos los derechos. En virtud de las disposiciones de los art\u00edculos 8 y 32.1, segundo p\u00e1rrafo, de la Ley de Propiedad Intelectual, quedan expresamente prohibidas la reproducci\u00f3n, distribuci\u00f3n y comunicaci\u00f3n p\u00fablica, incluida su modalidad de puesta a disposici\u00f3n, de la totalidad o parte de los contenidos de este sitio web, con fines comerciales, en cualquier soporte y por cualquier medio t\u00e9cnico, sin la autorizaci\u00f3n de Comercial Brell, S.L. El USUARIO se compromete a respetar los derechos de Propiedad Intelectual e Industrial propiedad de Comercial Brell, S.L. Podr\u00e1 visualizar los elementos del portal e incluso imprimirlos, copiarlos y almacenarlos en el disco duro de su ordenador o en cualquier otro soporte f\u00edsico siempre que sea, de manera \u00fanica y exclusiva, para su uso personal y privado. El USUARIO debe abstenerse de eliminar, alterar, eludir o manipular cualquier dispositivo de protecci\u00f3n o sistema de seguridad que se instalara en las p\u00e1ginas de Comercial Brell, S.L.  <\/p>\n<p><strong><u>EXCLUSI\u00d3N DE GARANT\u00cdAS Y RESPONSABILIDAD<\/u><\/strong><\/p>\n<p>Comercial Brell, S.L. no se hace responsable, en ning\u00fan caso, por da\u00f1os de ning\u00fan tipo que puedan causar, a modo de ejemplo: errores u omisiones en el contenido, falta de disponibilidad del portal o la transmisi\u00f3n de virus o programas maliciosos o da\u00f1inos en el contenido, a pesar de haber tomado todas las medidas tecnol\u00f3gicas necesarias para evitarlo.<\/p>\n<p><strong><u>MODIFICACIONES<\/u><\/strong><\/p>\n<p>Comercial Brell, S.L. se reserva el derecho de efectuar sin previo aviso las modificaciones que considere apropiadas en su portal, pudiendo cambiar, eliminar o agregar tanto el contenido como los servicios proporcionados a trav\u00e9s de \u00e9l y la forma en que aparecen presentados o ubicados en su portal.<\/p>\n<p><strong><u>ENLACES<\/u><\/strong><\/p>\n<p>En el caso de que se dispongan enlaces o hiperv\u00ednculos hacia otros sitios web, Comercial Brell, S.L. no ejercer\u00e1 ning\u00fan control sobre estos lugares y contenidos. En ning\u00fan caso Comercial Brell, S.L. asumir\u00e1 responsabilidad alguna por el contenido de alg\u00fan enlace que pertenezca a un sitio web externo, ni garantizar\u00e1 la disponibilidad t\u00e9cnica, la calidad, la fiabilidad, la precisi\u00f3n, la amplitud, la veracidad, la validez y la constitucionalidad de cualquier material o informaci\u00f3n contenida en cualquiera de estos hiperv\u00ednculos o otros sitios de Internet. <\/p>\n<p>Del mismo modo, la inclusi\u00f3n de estas conexiones externas no implicar\u00e1 ning\u00fan tipo de asociaci\u00f3n, fusi\u00f3n o participaci\u00f3n con las entidades conectadas.<\/p>\n<p><strong><u>DERECHO DE EXCLUSI\u00d3N<\/u><\/strong><\/p>\n<p>Comercial Brell, S.L. se reserva el derecho de denegar o retirar el acceso al portal y\/o los servicios ofrecidos sin necesidad de previo aviso, en su cuenta o a un tercero, a aquellos usuarios que incumplan estas condiciones generales de uso.<\/p>\n<p><strong><u>GENERALIDADES<\/u><\/strong><\/p>\n<p>Comercial Brell, S.L. perseguir\u00e1 el incumplimiento de estas condiciones, as\u00ed como cualquier uso inadecuado de su portal, ejerciendo todas las acciones civiles y penales que le puedan corresponder en la ley.<\/p>\n<p><strong><u>MODIFICACI\u00d3N DE LAS PRESENTES CONDICIONES Y DURACI\u00d3N<\/u><\/strong><\/p>\n<p>Comercial Brell, S.L. podr\u00e1 modificar en cualquier momento las condiciones determinadas aqu\u00ed, siendo debidamente publicadas como aparecen aqu\u00ed.<\/p>\n<p>La validez de las condiciones mencionadas se basar\u00e1 en su exposici\u00f3n y seran v\u00e1lidas hasta que sean modificadas por otras publicadas debidamente.<\/p>\n<p><strong><u>LEGISLACI\u00d3N APLICABLE Y JURISDICCI\u00d3N<\/u><\/strong><\/p>\n<p>La relaci\u00f3n entre Comercial Brell, S.L. y el USUARIO se regir\u00e1 por la normativa espa\u00f1ola vigente y cualquier controversia se someter\u00e1 a los Juzgados y tribunales de la ciudad anteriormente mencionada.<\/p>\n\t\t\t\t\t\t\t\t<\/div>\n\t\t\t\t<\/div>\n\t\t\t\t\t<\/div>\n\t\t\t\t<\/div>\n\t\t\t\t<\/div>\n\t\t","protected":false},"excerpt":{"rendered":"<p>aviso legal En cumplimiento de la Ley 34\/2002, del 11 de julio, los servicios de la Sociedad de la Informaci\u00f3n y de Comercio Electr\u00f3nico (LSSI-CE), la empresa le informa que es el propietario del sitio web. De acuerdo con el requisito del art\u00edculo 10 de la ley mencionada anteriormente, informa de los siguientes datos: El [&hellip;]<\/p>\n","protected":false},"author":1,"featured_media":0,"parent":0,"menu_order":0,"comment_status":"closed","ping_status":"closed","template":"","meta":{"inline_featured_image":false,"footnotes":""},"class_list":["post-2183","page","type-page","status-publish","hentry"],"_links":{"self":[{"href":"https:\/\/comercialbrell.com\/es\/wp-json\/wp\/v2\/pages\/2183","targetHints":{"allow":["GET"]}}],"collection":[{"href":"https:\/\/comercialbrell.com\/es\/wp-json\/wp\/v2\/pages"}],"about":[{"href":"https:\/\/comercialbrell.com\/es\/wp-json\/wp\/v2\/types\/page"}],"author":[{"embeddable":true,"href":"https:\/\/comercialbrell.com\/es\/wp-json\/wp\/v2\/users\/1"}],"replies":[{"embeddable":true,"href":"https:\/\/comercialbrell.com\/es\/wp-json\/wp\/v2\/comments?post=2183"}],"version-history":[{"count":1,"href":"https:\/\/comercialbrell.com\/es\/wp-json\/wp\/v2\/pages\/2183\/revisions"}],"predecessor-version":[{"id":2184,"href":"https:\/\/comercialbrell.com\/es\/wp-json\/wp\/v2\/pages\/2183\/revisions\/2184"}],"wp:attachment":[{"href":"https:\/\/comercialbrell.com\/es\/wp-json\/wp\/v2\/media?parent=2183"}],"curies":[{"name":"wp","href":"https:\/\/api.w.org\/{rel}","templated":true}]}}